{"id":22,"date":"2026-03-22T19:11:42","date_gmt":"2026-03-22T19:11:42","guid":{"rendered":"https:\/\/larint.cz\/?page_id=22"},"modified":"2026-03-24T07:06:25","modified_gmt":"2026-03-24T07:06:25","slug":"kontakty","status":"publish","type":"page","link":"https:\/\/larint.cz\/?page_id=22","title":{"rendered":"Kontakty"},"content":{"rendered":"\n<p><\/p>\n\n\n\n<div class=\"wp-block-columns is-layout-flex wp-container-core-columns-is-layout-9d6595d7 wp-block-columns-is-layout-flex\">\n<div class=\"wp-block-column is-layout-flow wp-block-column-is-layout-flow\">\n<p class=\"has-black-color has-text-color has-link-color wp-elements-b1b7449afd30523fa88bc83293794037\"><strong><mark style=\"background-color:rgba(0, 0, 0, 0)\" class=\"has-inline-color has-black-color\">Adresa: Poliklinika Brand\u00fds nad Labem <\/mark><\/strong><\/p>\n\n\n\n<p class=\"has-black-color has-text-color has-link-color wp-elements-dce72a507c9e212bf9e86ccd5b90ad71\">J.Wolkera 603, Brand\u00fds nad Labem <\/p>\n\n\n\n<p class=\"has-black-color has-text-color has-link-color wp-elements-3a68e653d151b9aba2b0a3e922cca8cd\">2.patro vedle schodi\u0161t\u011b <\/p>\n\n\n\n<p class=\"has-black-color has-text-color has-link-color wp-elements-d23d9f50f1f8591cd79a6b391f3c360a\">Telefon ORL ambulance 732 175 414<\/p>\n\n\n\n<p class=\"has-black-color has-text-color has-link-color wp-elements-45f1395fa38fadb44462277cb079675f\">Email: orlbrandys@seznam.cz <\/p>\n\n\n\n<p><a href=\"https:\/\/www.facebook.com\/profile.php?id=61567024011943\" data-type=\"link\" data-id=\"https:\/\/www.facebook.com\/profile.php?id=61567024011943\">Facebook<\/a><\/p>\n\n\n\n<p class=\"has-black-color has-text-color has-link-color wp-elements-4345f19cf4fec343667b17c2978bc0ab\">Email ambulance interny : indias@email.cz<\/p>\n\n\n\n<p><strong><mark style=\"background-color:rgba(0, 0, 0, 0)\" class=\"has-inline-color has-vivid-cyan-blue-color\">Posledn\u00ed pacient bude o\u0161et\u0159en 30 minut p\u0159ed koncem pracovn\u00ed doby.<\/mark><\/strong><\/p>\n<\/div>\n\n\n\n<div class=\"wp-block-column is-layout-flow wp-block-column-is-layout-flow\">\n<figure class=\"wp-block-image size-full\"><img loading=\"lazy\" decoding=\"async\" width=\"994\" height=\"769\" src=\"https:\/\/larint.cz\/wp-content\/uploads\/2026\/03\/mapa.jpg\" alt=\"\" class=\"wp-image-84\" srcset=\"https:\/\/larint.cz\/wp-content\/uploads\/2026\/03\/mapa.jpg 994w, https:\/\/larint.cz\/wp-content\/uploads\/2026\/03\/mapa-300x232.jpg 300w, https:\/\/larint.cz\/wp-content\/uploads\/2026\/03\/mapa-768x594.jpg 768w\" sizes=\"auto, (max-width: 994px) 100vw, 994px\" \/><\/figure>\n<\/div>\n<\/div>\n\n\n\n<p><\/p>\n\n\n\n<p><\/p>\n","protected":false},"excerpt":{"rendered":"<p>Adresa: Poliklinika Brand\u00fds nad Labem J.Wolkera 603, Brand\u00fds nad Labem 2.patro vedle schodi\u0161t\u011b Telefon ORL ambulance 732 175 414 Email: orlbrandys@seznam.cz Facebook Email ambulance interny : indias@email.cz Posledn\u00ed pacient bude o\u0161et\u0159en 30 minut p\u0159ed koncem pracovn\u00ed doby.<\/p>\n","protected":false},"author":1,"featured_media":0,"parent":0,"menu_order":0,"comment_status":"closed","ping_status":"closed","template":"","meta":{"footnotes":""},"class_list":["post-22","page","type-page","status-publish","hentry"],"_links":{"self":[{"href":"https:\/\/larint.cz\/index.php?rest_route=\/wp\/v2\/pages\/22","targetHints":{"allow":["GET"]}}],"collection":[{"href":"https:\/\/larint.cz\/index.php?rest_route=\/wp\/v2\/pages"}],"about":[{"href":"https:\/\/larint.cz\/index.php?rest_route=\/wp\/v2\/types\/page"}],"author":[{"embeddable":true,"href":"https:\/\/larint.cz\/index.php?rest_route=\/wp\/v2\/users\/1"}],"replies":[{"embeddable":true,"href":"https:\/\/larint.cz\/index.php?rest_route=%2Fwp%2Fv2%2Fcomments&post=22"}],"version-history":[{"count":11,"href":"https:\/\/larint.cz\/index.php?rest_route=\/wp\/v2\/pages\/22\/revisions"}],"predecessor-version":[{"id":104,"href":"https:\/\/larint.cz\/index.php?rest_route=\/wp\/v2\/pages\/22\/revisions\/104"}],"wp:attachment":[{"href":"https:\/\/larint.cz\/index.php?rest_route=%2Fwp%2Fv2%2Fmedia&parent=22"}],"curies":[{"name":"wp","href":"https:\/\/api.w.org\/{rel}","templated":true}]}}