{"id":24,"date":"2026-03-22T19:12:02","date_gmt":"2026-03-22T19:12:02","guid":{"rendered":"https:\/\/larint.cz\/?page_id=24"},"modified":"2026-03-30T14:12:27","modified_gmt":"2026-03-30T14:12:27","slug":"cenik-orl-ambulance","status":"publish","type":"page","link":"https:\/\/larint.cz\/?page_id=24","title":{"rendered":"Cen\u00edk ORL slu\u017eeb"},"content":{"rendered":"\n<table width=\"60%\" style=\"color:black\">\n        <tr>\n            <th colspan=\"2\">Diagnostick\u00e9 testy<\/th>\n        <\/tr>\n        <tr>\n            <td>CRP<\/td>\n            <td>150 K\u010d<\/td>\n        <\/tr>\n        <tr>\n            <td>4-kombinace (SARS-CoV-2, ch\u0159ipka A\/B, RSV, adenovirus)<\/td>\n            <td>150 K\u010d<\/td>\n        <\/tr>\n        <tr>\n            <td>COVID-19<\/td>\n            <td>150 K\u010d<\/td>\n        <\/tr>\n        <tr>\n            <th colspan=\"2\">V\u00fdkony<\/th>\n        <\/tr>\n        <tr>\n            <td>Aplikace n\u00e1u\u0161nic<\/td>\n            <td>200 K\u010d<\/td>\n        <\/tr>\n        <tr>\n            <th colspan=\"2\">Preventivn\u00ed vy\u0161et\u0159en\u00ed<\/th>\n        <\/tr>\n        <tr>\n            <td>Preventivn\u00ed ORL prohl\u00eddka + vy\u0161et\u0159en\u00ed sluchu<\/td>\n            <td>940 K\u010d<\/td>\n        <\/tr>\n        <tr>\n            <th colspan=\"2\">Administrativa<\/th>\n        <\/tr>\n        <tr>\n            <td>Administrativn\u00ed \u00fakon pro zdravotn\u00ed poji\u0161\u0165ovnu<\/td>\n            <td>150 K\u010d<\/td>\n        <\/tr>\n        <tr>\n            <td>Men\u0161\u00ed administrativn\u00ed \u00fakon \/ potvrzen\u00ed<\/td>\n            <td>350 K\u010d<\/td>\n        <\/tr>\n        <tr>\n            <td>V\u00fdpis ze zdravotn\u00ed dokumentace<\/td>\n            <td>500 K\u010d<\/td>\n        <\/tr>\n        <tr>\n            <th colspan=\"2\">Ostatn\u00ed slu\u017eby<\/th>\n        <\/tr>\n        <tr>\n            <td>Vy\u0161et\u0159en\u00ed cizince bez zdravotn\u00edho poji\u0161t\u011bn\u00ed<\/td>\n            <td>1 000 K\u010d<\/td>\n        <\/tr>\n        <tr>\n            <td>Akutn\u00ed o\u0161et\u0159en\u00ed samoplatce<\/td>\n            <td>1 000 K\u010d<\/td>\n        <\/tr>\n    <\/table>\n\n\n\n<p><\/p>\n","protected":false},"excerpt":{"rendered":"<p>Diagnostick\u00e9 testy CRP 150 K\u010d 4-kombinace (SARS-CoV-2, ch\u0159ipka A\/B, RSV, adenovirus) 150 K\u010d COVID-19 150 K\u010d V\u00fdkony Aplikace n\u00e1u\u0161nic 200 K\u010d Preventivn\u00ed vy\u0161et\u0159en\u00ed Preventivn\u00ed ORL prohl\u00eddka + vy\u0161et\u0159en\u00ed sluchu 940 K\u010d Administrativa Administrativn\u00ed \u00fakon pro zdravotn\u00ed poji\u0161\u0165ovnu 150 K\u010d Men\u0161\u00ed administrativn\u00ed \u00fakon \/ potvrzen\u00ed 350 K\u010d V\u00fdpis ze zdravotn\u00ed dokumentace 500 K\u010d Ostatn\u00ed slu\u017eby Vy\u0161et\u0159en\u00ed<\/p>\n<div class=\"more-link\">\n             <a href=\"https:\/\/larint.cz\/?page_id=24\" class=\"link-btn\"><span>Pokra\u010dovat ve \u010dten\u00ed <\/span><i class=\"icofont-thin-double-right\"><\/i><\/a>\n        <\/div>\n","protected":false},"author":1,"featured_media":0,"parent":0,"menu_order":0,"comment_status":"closed","ping_status":"closed","template":"","meta":{"footnotes":""},"class_list":["post-24","page","type-page","status-publish","hentry"],"_links":{"self":[{"href":"https:\/\/larint.cz\/index.php?rest_route=\/wp\/v2\/pages\/24","targetHints":{"allow":["GET"]}}],"collection":[{"href":"https:\/\/larint.cz\/index.php?rest_route=\/wp\/v2\/pages"}],"about":[{"href":"https:\/\/larint.cz\/index.php?rest_route=\/wp\/v2\/types\/page"}],"author":[{"embeddable":true,"href":"https:\/\/larint.cz\/index.php?rest_route=\/wp\/v2\/users\/1"}],"replies":[{"embeddable":true,"href":"https:\/\/larint.cz\/index.php?rest_route=%2Fwp%2Fv2%2Fcomments&post=24"}],"version-history":[{"count":6,"href":"https:\/\/larint.cz\/index.php?rest_route=\/wp\/v2\/pages\/24\/revisions"}],"predecessor-version":[{"id":116,"href":"https:\/\/larint.cz\/index.php?rest_route=\/wp\/v2\/pages\/24\/revisions\/116"}],"wp:attachment":[{"href":"https:\/\/larint.cz\/index.php?rest_route=%2Fwp%2Fv2%2Fmedia&parent=24"}],"curies":[{"name":"wp","href":"https:\/\/api.w.org\/{rel}","templated":true}]}}