{"id":27,"date":"2026-03-22T19:13:47","date_gmt":"2026-03-22T19:13:47","guid":{"rendered":"https:\/\/larint.cz\/?page_id=27"},"modified":"2026-03-22T21:05:09","modified_gmt":"2026-03-22T21:05:09","slug":"interni-ambulance","status":"publish","type":"page","link":"https:\/\/larint.cz\/?page_id=27","title":{"rendered":"Intern\u00ed ambulance"},"content":{"rendered":"\n<p><\/p>\n\n\n\n<p class=\"has-black-color has-text-color has-link-color wp-elements-806c3f9e5db82f5b7fa4da4912863733\">Email: indias@email.cz <\/p>\n\n\n\n<p class=\"has-black-color has-text-color has-link-color wp-elements-94422ba70be6a64d7a5d9ad44df357f2\">Ordina\u010dn\u00ed doba <\/p>\n\n\n\n<p class=\"has-black-color has-text-color has-link-color wp-elements-c6f787094388ce4cb1341258e4ba3489\">\u00dater\u00fd : 16-19 hod. objednan\u00ed pacienti<\/p>\n\n\n\n<p><\/p>\n","protected":false},"excerpt":{"rendered":"<p>Email: indias@email.cz Ordina\u010dn\u00ed doba \u00dater\u00fd : 16-19 hod. objednan\u00ed pacienti<\/p>\n","protected":false},"author":1,"featured_media":0,"parent":0,"menu_order":0,"comment_status":"closed","ping_status":"closed","template":"","meta":{"footnotes":""},"class_list":["post-27","page","type-page","status-publish","hentry"],"_links":{"self":[{"href":"https:\/\/larint.cz\/index.php?rest_route=\/wp\/v2\/pages\/27","targetHints":{"allow":["GET"]}}],"collection":[{"href":"https:\/\/larint.cz\/index.php?rest_route=\/wp\/v2\/pages"}],"about":[{"href":"https:\/\/larint.cz\/index.php?rest_route=\/wp\/v2\/types\/page"}],"author":[{"embeddable":true,"href":"https:\/\/larint.cz\/index.php?rest_route=\/wp\/v2\/users\/1"}],"replies":[{"embeddable":true,"href":"https:\/\/larint.cz\/index.php?rest_route=%2Fwp%2Fv2%2Fcomments&post=27"}],"version-history":[{"count":3,"href":"https:\/\/larint.cz\/index.php?rest_route=\/wp\/v2\/pages\/27\/revisions"}],"predecessor-version":[{"id":102,"href":"https:\/\/larint.cz\/index.php?rest_route=\/wp\/v2\/pages\/27\/revisions\/102"}],"wp:attachment":[{"href":"https:\/\/larint.cz\/index.php?rest_route=%2Fwp%2Fv2%2Fmedia&parent=27"}],"curies":[{"name":"wp","href":"https:\/\/api.w.org\/{rel}","templated":true}]}}