{"id":33,"date":"2026-03-22T19:15:18","date_gmt":"2026-03-22T19:15:18","guid":{"rendered":"https:\/\/larint.cz\/?page_id=33"},"modified":"2026-03-25T13:57:50","modified_gmt":"2026-03-25T13:57:50","slug":"pracovni-nabidky","status":"publish","type":"page","link":"https:\/\/larint.cz\/?page_id=33","title":{"rendered":"Pracovn\u00ed nab\u00eddky"},"content":{"rendered":"\n<p class=\"has-black-color has-text-color has-link-color wp-elements-cc654d9fc9927263c65afd7e39268e71\"><strong>Nab\u00eddka pr\u00e1ce: L\u00e9ka\u0159ka \/ L\u00e9ka\u0159 s ORL specializac\u00ed<\/strong><\/p>\n\n\n\n<p class=\"has-black-color has-text-color has-link-color wp-elements-c2647f390a59721b3c6c58f24e178ccf\">Pan\u00ed doktorka Karol\u00edna Havl\u00ed\u010dkov\u00e1 Dost\u00e1lov\u00e1 hled\u00e1 do sv\u00e9 nov\u011b zrekonstruovan\u00e9 a modern\u011b vybaven\u00e9 ambulance v&nbsp;Brand\u00fdse nad Labem \u2013 poliklinika J. Wolkera &#8211; <strong>kvalifikovanou posilu, a to l\u00e9ka\u0159ku \/ l\u00e9ka\u0159e s&nbsp;ORL specializac\u00ed.<\/strong><\/p>\n\n\n\n<p class=\"has-black-color has-text-color has-link-color wp-elements-02eb96410b31ca7e2c1825c25fd99f1a\">Pan\u00ed doktorka Havl\u00ed\u010dkov\u00e1 Dost\u00e1lov\u00e1 je specialistka s&nbsp;v\u00edce jak t\u0159iceti letou prax\u00ed ve sv\u00e9m oboru. Absolvovala 1. LF UK, praxi n\u00e1sledn\u011b z\u00edskala v&nbsp;Thomayerov\u011b nemocnici v&nbsp;Kr\u010di, kterou&nbsp;zavr\u0161ila atestac\u00ed s&nbsp;ORL specializac\u00ed. Od roku 1992 do roku 2015 pracovala v&nbsp;U\u0161n\u00edm sanatoriu v&nbsp;poliklinice \u0160ustova, kde n\u011bkolik let zast\u00e1vala funkci vedouc\u00ed l\u00e9ka\u0159ky. Od roku 2015 je zam\u011bstnan\u00e1 v&nbsp;ambulanci nemocnice v&nbsp;Brand\u00fdse nad Labem, kde zast\u00e1vala tak\u00e9 funkci vedouc\u00edho l\u00e9ka\u0159e (LPP). V&nbsp;roce 2022 si otev\u0159ela vlastn\u00ed praxi v&nbsp;ambulanci polikliniky J. &nbsp;Wolkera v&nbsp;Brand\u00fdse nad Labem.<\/p>\n\n\n\n<p class=\"has-black-color has-text-color has-link-color wp-elements-3b8498e50f36522b9bcfba0bc97a0bfb\">Pan\u00ed doktorka p\u0159ij\u00edm\u00e1 jak dosp\u011bl\u00e9, tak d\u011btsk\u00e9 pacienty s&nbsp;b\u011b\u017enou ORL problematikou. K&nbsp;tomu vlastn\u00ed audio p\u0159\u00edstroj pro kvalitn\u00ed vy\u0161et\u0159en\u00ed sluchu. Dal\u0161\u00ed sou\u010d\u00e1st\u00ed vybaven\u00ed je modern\u00ed ultrazvukov\u00fd p\u0159\u00edstroj, ke kter\u00e9mu m\u00e1 pan\u00ed doktorka spln\u011bn\u00e9 pot\u0159ebn\u00e9 l\u00e9ka\u0159sk\u00e9 kurzy.<\/p>\n\n\n\n<p class=\"has-black-color has-text-color has-link-color wp-elements-e046254733f19cba86468b7cc058dcee\">V&nbsp;ambulanci jsou zam\u011bstnan\u00e9 dv\u011b velmi zku\u0161en\u00e9 a mil\u00e9 zdravotn\u00ed sestry a nem\u00e9n\u011b zku\u0161en\u00e1 recep\u010dn\u00ed. L\u00e9ka\u0159ka m\u00e1 d\u00edky tomu dostatek \u010dasu a prostoru v\u011bnovat se sv\u00fdm pacient\u016fm. V&nbsp;ambulanci je vyu\u017e\u00edv\u00e1n objedn\u00e1vkov\u00fd syst\u00e9m Medevio pro komunikaci s&nbsp;pacienty a&nbsp;zdravotnick\u00fd syst\u00e9m CGM Medistar.<\/p>\n\n\n\n<p class=\"has-black-color has-text-color has-link-color wp-elements-a0d253478263ae9d7603e791b945d053\"><strong>Po\u017eadujeme:<\/strong><\/p>\n\n\n\n<ul class=\"wp-block-list has-black-color has-text-color has-link-color wp-elements-1adeec741fcd82409c2884dcd9c58b75\">\n<li>Dokon\u010den\u00e9 l\u00e9ka\u0159sk\u00e9 vzd\u011bl\u00e1n\u00ed se specializac\u00ed v oboru ORL \u2013 kmenov\u00e1 zkou\u0161ka nebo atestace<\/li>\n\n\n\n<li>Zku\u0161enosti z ambulantn\u00ed praxe v oboru jsou v\u00fdhodou, ale ne podm\u00ednkou<\/li>\n\n\n\n<li>Schopnost pr\u00e1ce v t\u00fdmu a komunikativnost<\/li>\n\n\n\n<li>Z\u00e1jem o dlouhodobou spolupr\u00e1ci.<\/li>\n<\/ul>\n\n\n\n<p class=\"has-black-color has-text-color has-link-color wp-elements-f5f3ff13cf0420e64d5d2fe62a4b5c69\"><strong>Nab\u00edz\u00edme:<\/strong><\/p>\n\n\n\n<ul class=\"wp-block-list\">\n<li class=\"has-black-color has-text-color has-link-color wp-elements-305433d08e0bc231466ee9ae7753d4c7\">Pr\u00e1ci v\u00a0zrekonstruovan\u00e9, modern\u011b vybaven\u00e9 a prostorn\u00e9 ambulanci<\/li>\n\n\n\n<li class=\"has-black-color has-text-color has-link-color wp-elements-18d15ce02ebf9c884966f73f1c681297\">Podporu a mo\u017enost profesn\u00edho rozvoje<\/li>\n\n\n\n<li class=\"has-black-color has-text-color has-link-color wp-elements-151bd5283a101c83aa962fc5d22bd350\">P\u0159\u00e1telsk\u00e9 pracovn\u00ed prost\u0159ed\u00ed v kolektivu s dlouholetou tradic\u00ed<\/li>\n\n\n\n<li class=\"has-black-color has-text-color has-link-color wp-elements-6dc6ce4bfcdd907af7b4f7b98bb8688c\">Mo\u017enost pru\u017en\u00e9 pracovn\u00ed doby dle dohody<\/li>\n\n\n\n<li class=\"has-black-color has-text-color has-link-color wp-elements-a19aebbcd6d80bf36621a2e0602d22c2\">Velmi kvalitn\u00ed finan\u010dn\u00ed ohodnocen\u00ed s\u00a0mo\u017enost\u00ed odm\u011bn dle v\u00fdd\u011blku ambulance<\/li>\n<\/ul>\n\n\n\n<p class=\"has-black-color has-text-color has-link-color wp-elements-7b7ca25c1a0f55a8f7dc6c9cd271a51a\"><strong>Kontakt:<\/strong> Z\u00e1jemkyn\u011b \/ Z\u00e1jemci se mohou hl\u00e1sit na telefonn\u00ed \u010d\u00edslo: 723&nbsp;243 783 nebo zaslat sv\u016fj \u017eivotopis na email: <a href=\"mailto:larint@seznam.cz\">larint@seznam.cz<\/a><\/p>\n\n\n\n<p class=\"has-black-color has-text-color has-link-color wp-elements-dfaac7c994038bfcfac5613b4310ea7b\">T\u011b\u0161\u00edme se na Va\u0161i odpov\u011b\u010f!<\/p>\n\n\n\n<p class=\"has-black-color has-text-color has-link-color wp-elements-2362eed26a2cd1f08bb96fc5360ba491\">T\u00fdm ORL \ud83d\ude0a<\/p>\n","protected":false},"excerpt":{"rendered":"<p>Nab\u00eddka pr\u00e1ce: L\u00e9ka\u0159ka \/ L\u00e9ka\u0159 s ORL specializac\u00ed Pan\u00ed doktorka Karol\u00edna Havl\u00ed\u010dkov\u00e1 Dost\u00e1lov\u00e1 hled\u00e1 do sv\u00e9 nov\u011b zrekonstruovan\u00e9 a modern\u011b vybaven\u00e9 ambulance v&nbsp;Brand\u00fdse nad Labem \u2013 poliklinika J. Wolkera &#8211; kvalifikovanou posilu, a to l\u00e9ka\u0159ku \/ l\u00e9ka\u0159e s&nbsp;ORL specializac\u00ed. Pan\u00ed doktorka Havl\u00ed\u010dkov\u00e1 Dost\u00e1lov\u00e1 je specialistka s&nbsp;v\u00edce jak t\u0159iceti letou prax\u00ed ve sv\u00e9m oboru. Absolvovala 1.<\/p>\n<div class=\"more-link\">\n             <a href=\"https:\/\/larint.cz\/?page_id=33\" class=\"link-btn\"><span>Pokra\u010dovat ve \u010dten\u00ed <\/span><i class=\"icofont-thin-double-right\"><\/i><\/a>\n        <\/div>\n","protected":false},"author":1,"featured_media":0,"parent":0,"menu_order":0,"comment_status":"closed","ping_status":"closed","template":"","meta":{"footnotes":""},"class_list":["post-33","page","type-page","status-publish","hentry"],"_links":{"self":[{"href":"https:\/\/larint.cz\/index.php?rest_route=\/wp\/v2\/pages\/33","targetHints":{"allow":["GET"]}}],"collection":[{"href":"https:\/\/larint.cz\/index.php?rest_route=\/wp\/v2\/pages"}],"about":[{"href":"https:\/\/larint.cz\/index.php?rest_route=\/wp\/v2\/types\/page"}],"author":[{"embeddable":true,"href":"https:\/\/larint.cz\/index.php?rest_route=\/wp\/v2\/users\/1"}],"replies":[{"embeddable":true,"href":"https:\/\/larint.cz\/index.php?rest_route=%2Fwp%2Fv2%2Fcomments&post=33"}],"version-history":[{"count":5,"href":"https:\/\/larint.cz\/index.php?rest_route=\/wp\/v2\/pages\/33\/revisions"}],"predecessor-version":[{"id":108,"href":"https:\/\/larint.cz\/index.php?rest_route=\/wp\/v2\/pages\/33\/revisions\/108"}],"wp:attachment":[{"href":"https:\/\/larint.cz\/index.php?rest_route=%2Fwp%2Fv2%2Fmedia&parent=33"}],"curies":[{"name":"wp","href":"https:\/\/api.w.org\/{rel}","templated":true}]}}