{"id":36,"date":"2026-03-22T19:15:59","date_gmt":"2026-03-22T19:15:59","guid":{"rendered":"https:\/\/larint.cz\/?page_id=36"},"modified":"2026-04-07T15:32:15","modified_gmt":"2026-04-07T15:32:15","slug":"orl-ambulance","status":"publish","type":"page","link":"https:\/\/larint.cz\/?page_id=36","title":{"rendered":"ORL ambulance"},"content":{"rendered":"\n<p class=\"has-black-color has-text-color has-link-color wp-elements-30e462acb5aaf212d8350f8ea044d116\"><strong>Ordina\u010dn\u00ed doba ambulance <\/strong><\/p>\n\n\n\n<p class=\"has-black-color has-text-color has-link-color wp-elements-ef5c9351cc95b3601f25a3aee194f6a6\">Pond\u011bl\u00ed : 8 &#8211; 16 hod. p\u0159\u00edtomna pouze recep\u010dn\u00ed<\/p>\n\n\n\n<p class=\"has-black-color has-text-color has-link-color wp-elements-505a889b3dba3d5157837d143ff5b2ff\">13 &#8211; 16 hod. vy\u0161et\u0159en\u00ed sluchu pouze objednan\u00ed pacienti<\/p>\n\n\n\n<p class=\"has-black-color has-text-color has-link-color wp-elements-b8bdfb35b012121fd19eb395621adaf4\">\u00dater\u00fd : 8 &#8211; 17:00 hod.<\/p>\n\n\n\n<p class=\"has-black-color has-text-color has-link-color wp-elements-bced12735e14db583d0003adc6f77960\">St\u0159eda : 8 &#8211; 15:00 hod.<\/p>\n\n\n\n<p class=\"has-black-color has-text-color has-link-color wp-elements-78c2a6ed2a26c16c27325d78351d061c\">\u010ctvrtek : 8 -14:00 hod.<\/p>\n\n\n\n<p><strong><mark style=\"background-color:rgba(0, 0, 0, 0)\" class=\"has-inline-color has-vivid-cyan-blue-color\">Posledn\u00ed pacient bude o\u0161et\u0159en 30 minut p\u0159ed koncem pracovn\u00ed doby.<\/mark><\/strong><\/p>\n\n\n\n<p><\/p>\n","protected":false},"excerpt":{"rendered":"<p>Ordina\u010dn\u00ed doba ambulance Pond\u011bl\u00ed : 8 &#8211; 16 hod. p\u0159\u00edtomna pouze recep\u010dn\u00ed 13 &#8211; 16 hod. vy\u0161et\u0159en\u00ed sluchu pouze objednan\u00ed pacienti \u00dater\u00fd : 8 &#8211; 17:00 hod. St\u0159eda : 8 &#8211; 15:00 hod. \u010ctvrtek : 8 -14:00 hod. Posledn\u00ed pacient bude o\u0161et\u0159en 30 minut p\u0159ed koncem pracovn\u00ed doby.<\/p>\n","protected":false},"author":1,"featured_media":0,"parent":0,"menu_order":0,"comment_status":"closed","ping_status":"closed","template":"","meta":{"footnotes":""},"class_list":["post-36","page","type-page","status-publish","hentry"],"_links":{"self":[{"href":"https:\/\/larint.cz\/index.php?rest_route=\/wp\/v2\/pages\/36","targetHints":{"allow":["GET"]}}],"collection":[{"href":"https:\/\/larint.cz\/index.php?rest_route=\/wp\/v2\/pages"}],"about":[{"href":"https:\/\/larint.cz\/index.php?rest_route=\/wp\/v2\/types\/page"}],"author":[{"embeddable":true,"href":"https:\/\/larint.cz\/index.php?rest_route=\/wp\/v2\/users\/1"}],"replies":[{"embeddable":true,"href":"https:\/\/larint.cz\/index.php?rest_route=%2Fwp%2Fv2%2Fcomments&post=36"}],"version-history":[{"count":9,"href":"https:\/\/larint.cz\/index.php?rest_route=\/wp\/v2\/pages\/36\/revisions"}],"predecessor-version":[{"id":122,"href":"https:\/\/larint.cz\/index.php?rest_route=\/wp\/v2\/pages\/36\/revisions\/122"}],"wp:attachment":[{"href":"https:\/\/larint.cz\/index.php?rest_route=%2Fwp%2Fv2%2Fmedia&parent=36"}],"curies":[{"name":"wp","href":"https:\/\/api.w.org\/{rel}","templated":true}]}}