{"id":7,"date":"2026-03-22T18:35:16","date_gmt":"2026-03-22T18:35:16","guid":{"rendered":"https:\/\/larint.cz\/?page_id=7"},"modified":"2026-04-07T15:31:51","modified_gmt":"2026-04-07T15:31:51","slug":"uvodem","status":"publish","type":"page","link":"https:\/\/larint.cz\/","title":{"rendered":"V\u00edtejte v ORL a intern\u00ed ambulanci v Brand\u00fdse nad Labem"},"content":{"rendered":"\n<p class=\"has-black-color has-text-color has-link-color wp-elements-35649cb151313a478b58a4c8893252f6\"><strong>V\u00e1\u017een\u00ed klienti,<\/strong><\/p>\n\n\n\n<p class=\"has-black-color has-text-color has-link-color wp-elements-6471f35429681c9966baf8ba113115a4\"><strong>pokud po v\u00edkendu pot\u0159ebujete akutn\u00ed ORL o\u0161et\u0159en\u00ed, vyu\u017eijte pros\u00edm hned v pond\u011bl\u00ed ORL ambulanci v nemocnici v Brand\u00fdse nad Labem. Zde tak\u00e9 ordinujeme a r\u00e1di v\u00e1m pom\u016f\u017eeme. <\/strong><\/p>\n\n\n\n<p class=\"has-black-color has-text-color has-link-color wp-elements-e4e33963031aa913407eed212144b29d\"><strong>Kapacita na\u0161\u00ed ordinace na poliklinice je v t\u011bchto dnech velmi napln\u011bna a nemus\u00edme b\u00fdt schopni o\u0161et\u0159it v\u0161echny akutn\u00ed p\u0159\u00edpady.<\/strong><\/p>\n\n\n\n<p class=\"has-black-color has-text-color has-link-color wp-elements-f4dc431cae230075b785df387678cca0\"><strong>D\u011bkujeme za pochopen\u00ed a spolupr\u00e1ci <\/strong><\/p>\n\n\n\n<p class=\"has-black-color has-text-color has-link-color wp-elements-311888f52f8780ad30d5c2c3adb5016a\"><strong>T\u00fdm ORL <\/strong><\/p>\n\n\n\n<div class=\"wp-block-columns is-layout-flex wp-container-core-columns-is-layout-9d6595d7 wp-block-columns-is-layout-flex\">\n<div class=\"wp-block-column is-layout-flow wp-block-column-is-layout-flow\">\n<a href=\"https:\/\/my.medevio.cz\/mudr-havlickova-orl?ref=imgbanner\" target=\"_blank\"><img loading=\"lazy\" decoding=\"async\" src=\"https:\/\/static.medevio.cz\/clinic-banners\/banner@2x.png\" width=\"421\" height=\"203\" alt=\"Pokra\u010dovat na Medevio\" style=\"max-width:100%;height:auto;\" \/><\/a>\n<\/div>\n\n\n\n<div class=\"wp-block-column is-layout-flow wp-block-column-is-layout-flow\">\n<p class=\"has-text-align-left\"><strong><mark style=\"background-color:rgba(0, 0, 0, 0)\" class=\"has-inline-color has-black-color\">V\u00e1\u017een\u00ed pacienti, na na\u0161em telefonn\u00edm \u010d\u00edsle je z\u00e1znamn\u00edk, kter\u00fd n\u00e1m va\u0161e po\u017eadavky p\u0159episuje rovnou do po\u010d\u00edta\u010de. Po zazn\u011bn\u00ed p\u00edpnut\u00ed \u0159ekn\u011bte do z\u00e1znamn\u00edku sv\u016fj po\u017eadavek a my ho uvid\u00edme a vy\u0159\u00edd\u00edme. Nebojte se do z\u00e1znamn\u00edku mluvit. D\u011bkujeme.<\/mark><\/strong><\/p>\n<\/div>\n<\/div>\n\n\n\n<p class=\"has-vivid-cyan-blue-color has-text-color has-link-color wp-elements-301210da2caaa09ccb32d6c7b2f79590\"><strong>V\u00e1\u017een\u00ed klienti, vzhledem k velmi slo\u017eit\u00fdm administrativn\u00edm \u00fakon\u016fm p\u0159i oprav\u00e1ch \u00fadaj\u016f vystaven\u00e9 Do\u010dasn\u00e9 pracovn\u00ed neschopnosti \u010di O\u0161et\u0159ov\u00e1n\u00ed d\u00edt\u011bte pros\u00edme o zad\u00e1n\u00ed p\u0159esn\u00fdch \u00fadaj\u016f- bydli\u0161t\u011b v dob\u011b PN, zam\u011bstnavatel, v\u010detn\u011b po\u010dtu pracovn\u00edch smluv , kter\u00fdch se \u00fakon t\u00fdk\u00e1. Jinak jsme nuceni p\u0159i proveden\u00ed opravy \u00fa\u010dtovat 150,-K\u010d. D\u011bkujeme za pochopen\u00ed<\/strong>.<\/p>\n\n\n\n<p class=\"has-vivid-cyan-blue-color has-text-color has-link-color wp-elements-05632029db11419b895fe2527d27a9af\"><\/p>\n","protected":false},"excerpt":{"rendered":"<p>V\u00e1\u017een\u00ed klienti, pokud po v\u00edkendu pot\u0159ebujete akutn\u00ed ORL o\u0161et\u0159en\u00ed, vyu\u017eijte pros\u00edm hned v pond\u011bl\u00ed ORL ambulanci v nemocnici v Brand\u00fdse nad Labem. Zde tak\u00e9 ordinujeme a r\u00e1di v\u00e1m pom\u016f\u017eeme. Kapacita na\u0161\u00ed ordinace na poliklinice je v t\u011bchto dnech velmi napln\u011bna a nemus\u00edme b\u00fdt schopni o\u0161et\u0159it v\u0161echny akutn\u00ed p\u0159\u00edpady. D\u011bkujeme za pochopen\u00ed a spolupr\u00e1ci T\u00fdm ORL<\/p>\n<div class=\"more-link\">\n             <a href=\"https:\/\/larint.cz\/\" class=\"link-btn\"><span>Pokra\u010dovat ve \u010dten\u00ed <\/span><i class=\"icofont-thin-double-right\"><\/i><\/a>\n        <\/div>\n","protected":false},"author":1,"featured_media":0,"parent":0,"menu_order":0,"comment_status":"closed","ping_status":"closed","template":"","meta":{"footnotes":""},"class_list":["post-7","page","type-page","status-publish","hentry"],"_links":{"self":[{"href":"https:\/\/larint.cz\/index.php?rest_route=\/wp\/v2\/pages\/7","targetHints":{"allow":["GET"]}}],"collection":[{"href":"https:\/\/larint.cz\/index.php?rest_route=\/wp\/v2\/pages"}],"about":[{"href":"https:\/\/larint.cz\/index.php?rest_route=\/wp\/v2\/types\/page"}],"author":[{"embeddable":true,"href":"https:\/\/larint.cz\/index.php?rest_route=\/wp\/v2\/users\/1"}],"replies":[{"embeddable":true,"href":"https:\/\/larint.cz\/index.php?rest_route=%2Fwp%2Fv2%2Fcomments&post=7"}],"version-history":[{"count":20,"href":"https:\/\/larint.cz\/index.php?rest_route=\/wp\/v2\/pages\/7\/revisions"}],"predecessor-version":[{"id":121,"href":"https:\/\/larint.cz\/index.php?rest_route=\/wp\/v2\/pages\/7\/revisions\/121"}],"wp:attachment":[{"href":"https:\/\/larint.cz\/index.php?rest_route=%2Fwp%2Fv2%2Fmedia&parent=7"}],"curies":[{"name":"wp","href":"https:\/\/api.w.org\/{rel}","templated":true}]}}